{"id":193,"date":"2025-03-11T12:04:40","date_gmt":"2025-03-11T15:04:40","guid":{"rendered":"https:\/\/mquattroincorporadora.com.br\/?page_id=193"},"modified":"2025-10-13T11:56:55","modified_gmt":"2025-10-13T14:56:55","slug":"dom-carlo","status":"publish","type":"page","link":"https:\/\/mquattroincorporadora.com.br\/domcarlo\/","title":{"rendered":"Vila Dom Carlo"},"content":{"rendered":"\t\t<div data-elementor-type=\"wp-page\" data-elementor-id=\"193\" class=\"elementor elementor-193\" data-elementor-post-type=\"page\">\n\t\t\t\t<div class=\"elementor-element elementor-element-8894eed e-flex e-con-boxed e-con e-parent\" data-id=\"8894eed\" data-element_type=\"container\" data-settings=\"{&quot;background_background&quot;:&quot;classic&quot;}\">\n\t\t\t\t\t<div class=\"e-con-inner\">\n\t\t\t\t<div class=\"elementor-element elementor-element-8ab3c0e elementor-widget elementor-widget-image\" data-id=\"8ab3c0e\" data-element_type=\"widget\" data-widget_type=\"image.default\">\n\t\t\t\t\t\t\t\t\t\t\t\t\t\t\t<img loading=\"lazy\" decoding=\"async\" width=\"414\" height=\"136\" src=\"https:\/\/mquattroincorporadora.com.br\/domcarlo\/wp-content\/uploads\/2025\/03\/lo1.svg\" class=\"attachment-full size-full wp-image-453\" alt=\"\" \/>\t\t\t\t\t\t\t\t\t\t\t\t\t\t\t<\/div>\n\t\t\t\t<div class=\"elementor-element elementor-element-420b776 elementor-widget elementor-widget-heading\" data-id=\"420b776\" data-element_type=\"widget\" data-widget_type=\"heading.default\">\n\t\t\t\t\t<h2 class=\"elementor-heading-title elementor-size-default\">Morar ou investir em Itaipava?<\/h2>\t\t\t\t<\/div>\n\t\t\t\t<div class=\"elementor-element elementor-element-c6bfd6c elementor-widget elementor-widget-heading\" data-id=\"c6bfd6c\" data-element_type=\"widget\" data-widget_type=\"heading.default\">\n\t\t\t\t\t<h2 class=\"elementor-heading-title elementor-size-default\">Na d\u00favida, fique com os dois!<\/h2>\t\t\t\t<\/div>\n\t\t\t\t<div class=\"elementor-element elementor-element-a42d105 elementor-widget elementor-widget-button\" data-id=\"a42d105\" data-element_type=\"widget\" data-widget_type=\"button.default\">\n\t\t\t\t\t\t\t\t\t\t<a class=\"elementor-button elementor-button-link elementor-size-sm elementor-animation-grow\" href=\"#forms\">\n\t\t\t\t\t\t<span class=\"elementor-button-content-wrapper\">\n\t\t\t\t\t\t<span class=\"elementor-button-icon\">\n\t\t\t\t<svg aria-hidden=\"true\" class=\"e-font-icon-svg e-fas-arrow-down\" viewBox=\"0 0 448 512\" xmlns=\"http:\/\/www.w3.org\/2000\/svg\"><path d=\"M413.1 222.5l22.2 22.2c9.4 9.4 9.4 24.6 0 33.9L241 473c-9.4 9.4-24.6 9.4-33.9 0L12.7 278.6c-9.4-9.4-9.4-24.6 0-33.9l22.2-22.2c9.5-9.5 25-9.3 34.3.4L184 343.4V56c0-13.3 10.7-24 24-24h32c13.3 0 24 10.7 24 24v287.4l114.8-120.5c9.3-9.8 24.8-10 34.3-.4z\"><\/path><\/svg>\t\t\t<\/span>\n\t\t\t\t\t\t\t\t\t<span class=\"elementor-button-text\">Quero saber mais!<\/span>\n\t\t\t\t\t<\/span>\n\t\t\t\t\t<\/a>\n\t\t\t\t\t\t\t\t<\/div>\n\t\t\t\t\t<\/div>\n\t\t\t\t<\/div>\n\t\t<div class=\"elementor-element elementor-element-84501e0 meu-ruido e-flex e-con-boxed e-con e-parent\" data-id=\"84501e0\" data-element_type=\"container\" data-settings=\"{&quot;background_background&quot;:&quot;classic&quot;}\">\n\t\t\t\t\t<div class=\"e-con-inner\">\n\t\t<div class=\"elementor-element elementor-element-feb2bef e-con-full e-flex e-con e-child\" data-id=\"feb2bef\" data-element_type=\"container\">\n\t\t\t\t<div class=\"elementor-element elementor-element-52ef165 elementor-widget elementor-widget-video\" data-id=\"52ef165\" data-element_type=\"widget\" data-settings=\"{&quot;youtube_url&quot;:&quot;https:\\\/\\\/www.youtube.com\\\/watch?v=4nQxkJVpE7Q&quot;,&quot;video_type&quot;:&quot;youtube&quot;,&quot;controls&quot;:&quot;yes&quot;}\" data-widget_type=\"video.default\">\n\t\t\t\t\t\t\t<div class=\"elementor-wrapper elementor-open-inline\">\n\t\t\t<div class=\"elementor-video\"><\/div>\t\t<\/div>\n\t\t\t\t\t\t<\/div>\n\t\t\t\t<\/div>\n\t\t\t\t\t<\/div>\n\t\t\t\t<\/div>\n\t\t<div class=\"elementor-element elementor-element-4990eb0 e-flex e-con-boxed e-con e-parent\" data-id=\"4990eb0\" data-element_type=\"container\" data-settings=\"{&quot;background_background&quot;:&quot;classic&quot;}\">\n\t\t\t\t\t<div class=\"e-con-inner\">\n\t\t\t\t<div class=\"elementor-element elementor-element-6a51bd0 elementor-widget__width-initial elementor-widget elementor-widget-image-box\" data-id=\"6a51bd0\" data-element_type=\"widget\" data-widget_type=\"image-box.default\">\n\t\t\t\t\t<div class=\"elementor-image-box-wrapper\"><div class=\"elementor-image-box-content\"><h3 class=\"elementor-image-box-title\">Viver investindo ou investir vivendo?<\/h3><p class=\"elementor-image-box-description\">Enquanto voc\u00ea pensa nessa pergunta, te convidamos para conhecer o Vila Dom Carlo. Um empreendimento como Itaipava nunca viu, com caracter\u00edsticas diferenciadas tanto na qualidade de vida quanto na oportunidade de investimento em um momento onde \u201cseguran\u00e7a\u201d \u00e9 a palavra que define tanto lifestyle quanto aplica\u00e7\u00f5es financeiras.<br><br>Conhe\u00e7a o Vila Dom Carlo em Itaipava.<br><br>\u00d3timo para morar, excelente para investir!<\/p><\/div><\/div>\t\t\t\t<\/div>\n\t\t\t\t<div class=\"elementor-element elementor-element-3f067b3 elementor-widget__width-initial elementor-widget elementor-widget-image-carousel\" data-id=\"3f067b3\" data-element_type=\"widget\" data-settings=\"{&quot;slides_to_show&quot;:&quot;1&quot;,&quot;navigation&quot;:&quot;none&quot;,&quot;speed&quot;:1000,&quot;autoplay&quot;:&quot;yes&quot;,&quot;pause_on_hover&quot;:&quot;yes&quot;,&quot;pause_on_interaction&quot;:&quot;yes&quot;,&quot;autoplay_speed&quot;:5000,&quot;infinite&quot;:&quot;yes&quot;,&quot;effect&quot;:&quot;slide&quot;}\" data-widget_type=\"image-carousel.default\">\n\t\t\t\t\t\t\t<div class=\"elementor-image-carousel-wrapper swiper\" role=\"region\" aria-roledescription=\"carousel\" aria-label=\"Carrossel de imagens\" dir=\"ltr\">\n\t\t\t<div class=\"elementor-image-carousel swiper-wrapper\" aria-live=\"off\">\n\t\t\t\t\t\t\t\t<div class=\"swiper-slide\" role=\"group\" aria-roledescription=\"slide\" aria-label=\"1 de 3\"><figure class=\"swiper-slide-inner\"><img decoding=\"async\" class=\"swiper-slide-image\" src=\"https:\/\/mquattroincorporadora.com.br\/domcarlo\/wp-content\/uploads\/2025\/03\/Group-136-Compressify.io_.webp\" alt=\"Group 136-(Compressify.io)\" \/><\/figure><\/div><div class=\"swiper-slide\" role=\"group\" aria-roledescription=\"slide\" aria-label=\"2 de 3\"><figure class=\"swiper-slide-inner\"><img decoding=\"async\" class=\"swiper-slide-image\" src=\"https:\/\/mquattroincorporadora.com.br\/domcarlo\/wp-content\/uploads\/2025\/03\/Group-134-Compressify.io_.webp\" alt=\"Group 134-(Compressify.io)\" \/><\/figure><\/div><div class=\"swiper-slide\" role=\"group\" aria-roledescription=\"slide\" aria-label=\"3 de 3\"><figure class=\"swiper-slide-inner\"><img decoding=\"async\" class=\"swiper-slide-image\" src=\"https:\/\/mquattroincorporadora.com.br\/domcarlo\/wp-content\/uploads\/2025\/03\/Group-135-Compressify.io_.webp\" alt=\"Group 135-(Compressify.io)\" \/><\/figure><\/div>\t\t\t<\/div>\n\t\t\t\t\t\t\t\n\t\t\t\t\t\t\t\t\t<\/div>\n\t\t\t\t\t\t<\/div>\n\t\t\t\t\t<\/div>\n\t\t\t\t<\/div>\n\t\t<div class=\"elementor-element elementor-element-8b561c5 e-flex e-con-boxed e-con e-parent\" data-id=\"8b561c5\" data-element_type=\"container\" data-settings=\"{&quot;background_background&quot;:&quot;classic&quot;}\">\n\t\t\t\t\t<div class=\"e-con-inner\">\n\t\t\t\t<div class=\"elementor-element elementor-element-dce1c1c elementor-widget__width-initial elementor-widget elementor-widget-image-carousel\" data-id=\"dce1c1c\" data-element_type=\"widget\" data-settings=\"{&quot;slides_to_show&quot;:&quot;1&quot;,&quot;navigation&quot;:&quot;none&quot;,&quot;speed&quot;:1000,&quot;autoplay&quot;:&quot;yes&quot;,&quot;pause_on_hover&quot;:&quot;yes&quot;,&quot;pause_on_interaction&quot;:&quot;yes&quot;,&quot;autoplay_speed&quot;:5000,&quot;infinite&quot;:&quot;yes&quot;,&quot;effect&quot;:&quot;slide&quot;}\" data-widget_type=\"image-carousel.default\">\n\t\t\t\t\t\t\t<div class=\"elementor-image-carousel-wrapper swiper\" role=\"region\" aria-roledescription=\"carousel\" aria-label=\"Carrossel de imagens\" dir=\"ltr\">\n\t\t\t<div class=\"elementor-image-carousel swiper-wrapper\" aria-live=\"off\">\n\t\t\t\t\t\t\t\t<div class=\"swiper-slide\" role=\"group\" aria-roledescription=\"slide\" aria-label=\"1 de 3\"><figure class=\"swiper-slide-inner\"><img decoding=\"async\" class=\"swiper-slide-image\" src=\"https:\/\/mquattroincorporadora.com.br\/domcarlo\/wp-content\/uploads\/2025\/03\/Group-141-Compressify.io_.webp\" alt=\"Group 141-(Compressify.io)\" \/><\/figure><\/div><div class=\"swiper-slide\" role=\"group\" aria-roledescription=\"slide\" aria-label=\"2 de 3\"><figure class=\"swiper-slide-inner\"><img decoding=\"async\" class=\"swiper-slide-image\" src=\"https:\/\/mquattroincorporadora.com.br\/domcarlo\/wp-content\/uploads\/2025\/03\/Group-139-Compressify.io_.webp\" alt=\"Group 139-(Compressify.io)\" \/><\/figure><\/div><div class=\"swiper-slide\" role=\"group\" aria-roledescription=\"slide\" aria-label=\"3 de 3\"><figure class=\"swiper-slide-inner\"><img decoding=\"async\" class=\"swiper-slide-image\" src=\"https:\/\/mquattroincorporadora.com.br\/domcarlo\/wp-content\/uploads\/2025\/03\/Group-140-Compressify.io_.webp\" alt=\"Group 140-(Compressify.io)\" \/><\/figure><\/div>\t\t\t<\/div>\n\t\t\t\t\t\t\t\n\t\t\t\t\t\t\t\t\t<\/div>\n\t\t\t\t\t\t<\/div>\n\t\t\t\t<div class=\"elementor-element elementor-element-b78d807 elementor-widget__width-initial elementor-position-top elementor-widget elementor-widget-image-box\" data-id=\"b78d807\" data-element_type=\"widget\" data-widget_type=\"image-box.default\">\n\t\t\t\t\t<div class=\"elementor-image-box-wrapper\"><figure class=\"elementor-image-box-img\"><img loading=\"lazy\" decoding=\"async\" width=\"414\" height=\"136\" src=\"https:\/\/mquattroincorporadora.com.br\/domcarlo\/wp-content\/uploads\/2025\/03\/lo2.svg\" class=\"attachment-full size-full wp-image-452\" alt=\"\" \/><\/figure><div class=\"elementor-image-box-content\"><p class=\"elementor-image-box-description\">Com localiza\u00e7\u00e3o privilegiada, o VILA DOM CARLO se destaca pela proximidade com toda a estrutura de produtos e servi\u00e7os de Itaipava. Pr\u00f3ximo aos melhores restaurantes, supermercados, lojas de conveni\u00eancias e centros comerciais.\u2028<br><br>Voc\u00ea ainda tem a facilidade de escolher se locomover pela Uni\u00e3o Ind\u00fastria ou por fora, pela rodovia 040, quando precisar driblar o tr\u00e2nsito de Itaipava. S\u00e3o v\u00e1rios acessos estrat\u00e9gicos que permitem um melhor deslocamento para onde voc\u00ea quiser.<\/p><\/div><\/div>\t\t\t\t<\/div>\n\t\t\t\t\t<\/div>\n\t\t\t\t<\/div>\n\t\t<div class=\"elementor-element elementor-element-e897580 e-flex e-con-boxed e-con e-parent\" data-id=\"e897580\" data-element_type=\"container\" data-settings=\"{&quot;background_background&quot;:&quot;classic&quot;}\">\n\t\t\t\t\t<div class=\"e-con-inner\">\n\t\t\t\t<div class=\"elementor-element elementor-element-e18236d elementor-widget elementor-widget-heading\" data-id=\"e18236d\" data-element_type=\"widget\" data-widget_type=\"heading.default\">\n\t\t\t\t\t<h2 class=\"elementor-heading-title elementor-size-default\">Veja o que te aguarda na Vila Dom Carlo<\/h2>\t\t\t\t<\/div>\n\t\t<div class=\"elementor-element elementor-element-525db21 e-con-full e-flex e-con e-child\" data-id=\"525db21\" data-element_type=\"container\">\n\t\t\t\t<div class=\"elementor-element elementor-element-00943f2 elementor-cta--valign-middle elementor-widget__width-initial elementor-cta--skin-classic elementor-animated-content elementor-widget elementor-widget-call-to-action\" data-id=\"00943f2\" data-element_type=\"widget\" data-widget_type=\"call-to-action.default\">\n\t\t\t\t<div class=\"elementor-widget-container\">\n\t\t\t\t\t\t\t<a class=\"elementor-cta\" href=\"#elementor-action%3Aaction%3Dpopup%3Aopen%26settings%3DeyJpZCI6IjI4OSIsInRvZ2dsZSI6ZmFsc2V9\">\n\t\t\t\t\t<div class=\"elementor-cta__bg-wrapper\">\n\t\t\t\t<div class=\"elementor-cta__bg elementor-bg\" style=\"background-image: url(https:\/\/mquattroincorporadora.com.br\/domcarlo\/wp-content\/uploads\/2025\/03\/Group-106-Compressify.io_-1.webp);\" role=\"img\" aria-label=\"Group 106-(Compressify.io)\"><\/div>\n\t\t\t\t<div class=\"elementor-cta__bg-overlay\"><\/div>\n\t\t\t<\/div>\n\t\t\t\t\t\t\t<div class=\"elementor-cta__content\">\n\t\t\t\t\n\t\t\t\t\n\t\t\t\t\n\t\t\t\t\t\t\t\t\t<div class=\"elementor-cta__button-wrapper elementor-cta__content-item elementor-content-item \">\n\t\t\t\t\t<span class=\"elementor-cta__button elementor-button elementor-size-\">\n\t\t\t\t\t\tVer Fotos\t\t\t\t\t<\/span>\n\t\t\t\t\t<\/div>\n\t\t\t\t\t\t\t<\/div>\n\t\t\t\t\t\t<\/a>\n\t\t\t\t\t\t<\/div>\n\t\t\t\t<\/div>\n\t\t\t\t<div class=\"elementor-element elementor-element-81fe377 elementor-cta--valign-middle elementor-widget__width-initial elementor-cta--skin-classic elementor-animated-content elementor-widget elementor-widget-call-to-action\" data-id=\"81fe377\" data-element_type=\"widget\" data-widget_type=\"call-to-action.default\">\n\t\t\t\t<div class=\"elementor-widget-container\">\n\t\t\t\t\t\t\t<a class=\"elementor-cta\" href=\"#elementor-action%3Aaction%3Dpopup%3Aopen%26settings%3DeyJpZCI6IjI5OSIsInRvZ2dsZSI6ZmFsc2V9\">\n\t\t\t\t\t<div class=\"elementor-cta__bg-wrapper\">\n\t\t\t\t<div class=\"elementor-cta__bg elementor-bg\" style=\"background-image: url(https:\/\/mquattroincorporadora.com.br\/domcarlo\/wp-content\/uploads\/2025\/03\/Group-107-Compressify.io_-1.webp);\" role=\"img\" aria-label=\"Group 107-(Compressify.io)\"><\/div>\n\t\t\t\t<div class=\"elementor-cta__bg-overlay\"><\/div>\n\t\t\t<\/div>\n\t\t\t\t\t\t\t<div class=\"elementor-cta__content\">\n\t\t\t\t\n\t\t\t\t\n\t\t\t\t\n\t\t\t\t\t\t\t\t\t<div class=\"elementor-cta__button-wrapper elementor-cta__content-item elementor-content-item \">\n\t\t\t\t\t<span class=\"elementor-cta__button elementor-button elementor-size-\">\n\t\t\t\t\t\tVer Fotos\t\t\t\t\t<\/span>\n\t\t\t\t\t<\/div>\n\t\t\t\t\t\t\t<\/div>\n\t\t\t\t\t\t<\/a>\n\t\t\t\t\t\t<\/div>\n\t\t\t\t<\/div>\n\t\t\t\t<div class=\"elementor-element elementor-element-6acd628 elementor-cta--valign-middle elementor-widget__width-initial elementor-cta--skin-classic elementor-animated-content elementor-widget elementor-widget-call-to-action\" data-id=\"6acd628\" data-element_type=\"widget\" data-widget_type=\"call-to-action.default\">\n\t\t\t\t<div class=\"elementor-widget-container\">\n\t\t\t\t\t\t\t<a class=\"elementor-cta\" href=\"#elementor-action%3Aaction%3Dpopup%3Aopen%26settings%3DeyJpZCI6IjMxNCIsInRvZ2dsZSI6ZmFsc2V9\">\n\t\t\t\t\t<div class=\"elementor-cta__bg-wrapper\">\n\t\t\t\t<div class=\"elementor-cta__bg elementor-bg\" style=\"background-image: url(https:\/\/mquattroincorporadora.com.br\/domcarlo\/wp-content\/uploads\/2025\/03\/Group-108-Compressify.io_-1.webp);\" role=\"img\" aria-label=\"Group 108-(Compressify.io)\"><\/div>\n\t\t\t\t<div class=\"elementor-cta__bg-overlay\"><\/div>\n\t\t\t<\/div>\n\t\t\t\t\t\t\t<div class=\"elementor-cta__content\">\n\t\t\t\t\n\t\t\t\t\n\t\t\t\t\n\t\t\t\t\t\t\t\t\t<div class=\"elementor-cta__button-wrapper elementor-cta__content-item elementor-content-item \">\n\t\t\t\t\t<span class=\"elementor-cta__button elementor-button elementor-size-\">\n\t\t\t\t\t\tVer Fotos\t\t\t\t\t<\/span>\n\t\t\t\t\t<\/div>\n\t\t\t\t\t\t\t<\/div>\n\t\t\t\t\t\t<\/a>\n\t\t\t\t\t\t<\/div>\n\t\t\t\t<\/div>\n\t\t\t\t<\/div>\n\t\t\t\t\t<\/div>\n\t\t\t\t<\/div>\n\t\t<div class=\"elementor-element elementor-element-c0609a7 e-flex e-con-boxed e-con e-parent\" data-id=\"c0609a7\" data-element_type=\"container\" data-settings=\"{&quot;background_background&quot;:&quot;classic&quot;}\">\n\t\t\t\t\t<div class=\"e-con-inner\">\n\t\t\t\t<div class=\"elementor-element elementor-element-61fae0e elementor-widget__width-initial elementor-widget elementor-widget-heading\" data-id=\"61fae0e\" data-element_type=\"widget\" data-widget_type=\"heading.default\">\n\t\t\t\t\t<h2 class=\"elementor-heading-title elementor-size-default\">Seja um dos primeiros a conhecer\u2028<strong>o Vila Dom Carlo<\/strong<\/h2>\t\t\t\t<\/div>\n\t\t\t\t<div class=\"elementor-element elementor-element-7392511 elementor-widget elementor-widget-menu-anchor\" data-id=\"7392511\" data-element_type=\"widget\" data-widget_type=\"menu-anchor.default\">\n\t\t\t\t\t\t\t<div class=\"elementor-menu-anchor\" id=\"forms\"><\/div>\n\t\t\t\t\t\t<\/div>\n\t\t\t\t<div class=\"elementor-element elementor-element-0328e87 elementor-widget elementor-widget-html\" data-id=\"0328e87\" data-element_type=\"widget\" data-widget_type=\"html.default\">\n\t\t\t\t\t<script>\n    setTimeout(function() {\n      document.getElementById('form-field-telefone').addEventListener('input',         function (e) {\n            var x = e.target.value.replace(\/\\D\/g, '').match(\/(\\d{0,2})(\\d{0,5})(\\d{0,4})\/);\n            e.target.value = !x[2] ? x[1] : '(' + x[1] + ') ' + x[2] + (x[3] ? '-' + x[3] : '');\n       });\n    }, 1000);\n<\/script>\t\t\t\t<\/div>\n\t\t<div class=\"elementor-element elementor-element-076a044 e-con-full cont e-flex e-con e-child\" data-id=\"076a044\" data-element_type=\"container\">\n\t\t\t\t<div class=\"elementor-element elementor-element-f828ac6 elementor-widget elementor-widget-text-editor\" data-id=\"f828ac6\" data-element_type=\"widget\" data-widget_type=\"text-editor.default\">\n\t\t\t\t\t\t\t\t\t<p>Cadastre-se para receber informa\u00e7\u00f5es exclusivas sobre o lan\u00e7amento.<\/p>\t\t\t\t\t\t\t\t<\/div>\n\t\t\t\t<div class=\"elementor-element elementor-element-ddc908d elementor-widget__width-initial elementor-button-align-stretch elementor-widget elementor-widget-form\" data-id=\"ddc908d\" data-element_type=\"widget\" data-settings=\"{&quot;button_width&quot;:&quot;25&quot;,&quot;step_next_label&quot;:&quot;Next&quot;,&quot;step_previous_label&quot;:&quot;Previous&quot;,&quot;step_type&quot;:&quot;number_text&quot;,&quot;step_icon_shape&quot;:&quot;circle&quot;}\" data-widget_type=\"form.default\">\n\t\t\t\t<div class=\"elementor-widget-container\">\n\t\t\t\t\t\t\t<form class=\"elementor-form\" method=\"post\" name=\"New Form\">\n\t\t\t<input type=\"hidden\" name=\"post_id\" value=\"193\"\/>\n\t\t\t<input type=\"hidden\" name=\"form_id\" value=\"ddc908d\"\/>\n\t\t\t<input type=\"hidden\" name=\"referer_title\" value=\"\" \/>\n\n\t\t\t\t\t\t\t<input type=\"hidden\" name=\"queried_id\" value=\"193\"\/>\n\t\t\t\n\t\t\t<div class=\"elementor-form-fields-wrapper elementor-labels-above\">\n\t\t\t\t\t\t\t\t<div class=\"elementor-field-type-text elementor-field-group elementor-column elementor-field-group-name elementor-col-25 elementor-field-required\">\n\t\t\t\t\t\t\t\t\t\t\t\t\t<input size=\"1\" type=\"text\" name=\"form_fields[name]\" id=\"form-field-name\" class=\"elementor-field elementor-size-sm  elementor-field-textual\" placeholder=\"Seu nome\" required=\"required\" aria-required=\"true\">\n\t\t\t\t\t\t\t\t\t\t\t<\/div>\n\t\t\t\t\t\t\t\t<div class=\"elementor-field-type-email elementor-field-group elementor-column elementor-field-group-field_69decfd elementor-col-25 elementor-field-required\">\n\t\t\t\t\t\t\t\t\t\t\t\t\t<input size=\"1\" type=\"email\" name=\"form_fields[field_69decfd]\" id=\"form-field-field_69decfd\" class=\"elementor-field elementor-size-sm  elementor-field-textual\" placeholder=\"Seu e-mail\" required=\"required\" aria-required=\"true\">\n\t\t\t\t\t\t\t\t\t\t\t<\/div>\n\t\t\t\t\t\t\t\t<div class=\"elementor-field-type-text elementor-field-group elementor-column elementor-field-group-telefone elementor-col-25 elementor-field-required\">\n\t\t\t\t\t\t\t\t\t\t\t\t\t<input size=\"1\" type=\"text\" name=\"form_fields[telefone]\" id=\"form-field-telefone\" class=\"elementor-field elementor-size-sm  elementor-field-textual\" placeholder=\"(DDD) + Telefone\" required=\"required\" aria-required=\"true\">\n\t\t\t\t\t\t\t\t\t\t\t<\/div>\n\t\t\t\t\t\t\t\t<div class=\"elementor-field-group elementor-column elementor-field-type-submit elementor-col-25 e-form__buttons\">\n\t\t\t\t\t<button class=\"elementor-button elementor-size-sm\" type=\"submit\">\n\t\t\t\t\t\t<span class=\"elementor-button-content-wrapper\">\n\t\t\t\t\t\t\t\t\t\t\t\t\t\t\t\t\t\t\t\t\t\t<span class=\"elementor-button-text\">Enviar<\/span>\n\t\t\t\t\t\t\t\t\t\t\t\t\t<\/span>\n\t\t\t\t\t<\/button>\n\t\t\t\t<\/div>\n\t\t\t<\/div>\n\t\t<\/form>\n\t\t\t\t\t\t<\/div>\n\t\t\t\t<\/div>\n\t\t\t\t<\/div>\n\t\t\t\t\t<\/div>\n\t\t\t\t<\/div>\n\t\t<div class=\"elementor-element elementor-element-a2a71a4 e-flex e-con-boxed e-con e-parent\" data-id=\"a2a71a4\" data-element_type=\"container\" data-settings=\"{&quot;background_background&quot;:&quot;classic&quot;}\">\n\t\t\t\t\t<div class=\"e-con-inner\">\n\t\t<div class=\"elementor-element elementor-element-91e31cb e-con-full e-flex e-con e-child\" data-id=\"91e31cb\" data-element_type=\"container\">\n\t\t<div class=\"elementor-element elementor-element-2c9354d e-con-full e-flex e-con e-child\" data-id=\"2c9354d\" data-element_type=\"container\">\n\t\t\t\t<div class=\"elementor-element elementor-element-5fd9d7d elementor-widget elementor-widget-text-editor\" data-id=\"5fd9d7d\" data-element_type=\"widget\" data-widget_type=\"text-editor.default\">\n\t\t\t\t\t\t\t\t\t<p>Idealiza\u00e7\u00e3o e Conceito:<\/p>\t\t\t\t\t\t\t\t<\/div>\n\t\t\t\t<div class=\"elementor-element elementor-element-2787607 elementor-widget elementor-widget-image\" data-id=\"2787607\" data-element_type=\"widget\" data-widget_type=\"image.default\">\n\t\t\t\t\t\t\t\t\t\t\t\t\t\t\t<img loading=\"lazy\" decoding=\"async\" width=\"800\" height=\"332\" src=\"https:\/\/mquattroincorporadora.com.br\/domcarlo\/wp-content\/uploads\/2025\/03\/Logo-Riooito-Exclusive-1024x425.png\" class=\"attachment-large size-large wp-image-458\" alt=\"\" srcset=\"https:\/\/mquattroincorporadora.com.br\/domcarlo\/wp-content\/uploads\/2025\/03\/Logo-Riooito-Exclusive-1024x425.png 1024w, https:\/\/mquattroincorporadora.com.br\/domcarlo\/wp-content\/uploads\/2025\/03\/Logo-Riooito-Exclusive-300x124.png 300w, https:\/\/mquattroincorporadora.com.br\/domcarlo\/wp-content\/uploads\/2025\/03\/Logo-Riooito-Exclusive-768x319.png 768w, https:\/\/mquattroincorporadora.com.br\/domcarlo\/wp-content\/uploads\/2025\/03\/Logo-Riooito-Exclusive-1536x637.png 1536w, https:\/\/mquattroincorporadora.com.br\/domcarlo\/wp-content\/uploads\/2025\/03\/Logo-Riooito-Exclusive-2048x850.png 2048w\" sizes=\"auto, (max-width: 800px) 100vw, 800px\" \/>\t\t\t\t\t\t\t\t\t\t\t\t\t\t\t<\/div>\n\t\t\t\t<\/div>\n\t\t<div class=\"elementor-element elementor-element-5e9751d e-con-full e-flex e-con e-child\" data-id=\"5e9751d\" data-element_type=\"container\">\n\t\t\t\t<div class=\"elementor-element elementor-element-9f6ac0e elementor-widget elementor-widget-text-editor\" data-id=\"9f6ac0e\" data-element_type=\"widget\" data-widget_type=\"text-editor.default\">\n\t\t\t\t\t\t\t\t\t<p>Realiza\u00e7\u00e3o:<\/p>\t\t\t\t\t\t\t\t<\/div>\n\t\t\t\t<div class=\"elementor-element elementor-element-bc2508f elementor-widget elementor-widget-image\" data-id=\"bc2508f\" data-element_type=\"widget\" data-widget_type=\"image.default\">\n\t\t\t\t\t\t\t\t\t\t\t\t\t\t\t<img loading=\"lazy\" decoding=\"async\" width=\"197\" height=\"65\" src=\"https:\/\/mquattroincorporadora.com.br\/domcarlo\/wp-content\/uploads\/2025\/03\/Vector.svg\" class=\"attachment-large size-large wp-image-405\" alt=\"\" \/>\t\t\t\t\t\t\t\t\t\t\t\t\t\t\t<\/div>\n\t\t\t\t<\/div>\n\t\t<div class=\"elementor-element elementor-element-0c67074 e-con-full e-flex e-con e-child\" data-id=\"0c67074\" data-element_type=\"container\">\n\t\t\t\t<div class=\"elementor-element elementor-element-7cbc9ec elementor-widget elementor-widget-text-editor\" data-id=\"7cbc9ec\" data-element_type=\"widget\" data-widget_type=\"text-editor.default\">\n\t\t\t\t\t\t\t\t\t<p>Realiza\u00e7\u00e3o e Constru\u00e7\u00e3o:<\/p>\t\t\t\t\t\t\t\t<\/div>\n\t\t\t\t<div class=\"elementor-element elementor-element-228cf4a elementor-widget elementor-widget-image\" data-id=\"228cf4a\" data-element_type=\"widget\" data-widget_type=\"image.default\">\n\t\t\t\t\t\t\t\t\t\t\t\t\t\t\t<img loading=\"lazy\" decoding=\"async\" width=\"119\" height=\"65\" src=\"https:\/\/mquattroincorporadora.com.br\/domcarlo\/wp-content\/uploads\/2025\/03\/Ativo-1-1-2.svg\" class=\"attachment-large size-large wp-image-403\" alt=\"\" \/>\t\t\t\t\t\t\t\t\t\t\t\t\t\t\t<\/div>\n\t\t\t\t<\/div>\n\t\t\t\t<div class=\"elementor-element elementor-element-6dd41fa elementor-widget__width-initial elementor-widget elementor-widget-image-box\" data-id=\"6dd41fa\" data-element_type=\"widget\" data-widget_type=\"image-box.default\">\n\t\t\t\t\t<div class=\"elementor-image-box-wrapper\"><div class=\"elementor-image-box-content\"><h3 class=\"elementor-image-box-title\">Contato<\/h3><p class=\"elementor-image-box-description\">contato@mquattroincorporadora.com.br<br><br> (24) 97405-9680<\/p><\/div><\/div>\t\t\t\t<\/div>\n\t\t\t\t<div class=\"elementor-element elementor-element-58c1ade elementor-widget__width-initial elementor-widget elementor-widget-image-box\" data-id=\"58c1ade\" data-element_type=\"widget\" data-widget_type=\"image-box.default\">\n\t\t\t\t\t<div class=\"elementor-image-box-wrapper\"><div class=\"elementor-image-box-content\"><h3 class=\"elementor-image-box-title\">Localiza\u00e7\u00e3o:<\/h3><p class=\"elementor-image-box-description\">Estrada Uni\u00e3o e Industria 14640 - Itaipava\/RJ<\/p><\/div><\/div>\t\t\t\t<\/div>\n\t\t\t\t<\/div>\n\t\t\t\t<div class=\"elementor-element elementor-element-9b8a065 elementor-widget elementor-widget-text-editor\" data-id=\"9b8a065\" data-element_type=\"widget\" data-widget_type=\"text-editor.default\">\n\t\t\t\t\t\t\t\t\t<p>Copyright \u00a9 2025 Vila Dom Carlo | Todos os direitos reservados. | Desenvolvido por <strong>Optma Growth<\/strong><\/p>\t\t\t\t\t\t\t\t<\/div>\n\t\t\t\t\t<\/div>\n\t\t\t\t<\/div>\n\t\t\t\t<\/div>\n\t\t","protected":false},"excerpt":{"rendered":"<p>Morar ou investir em Itaipava? Na d\u00favida, fique com os dois! Quero saber mais! https:\/\/www.youtube.com\/watch?v=4nQxkJVpE7Q Viver investindo ou investir vivendo? Enquanto voc\u00ea pensa nessa pergunta, te convidamos para conhecer o Vila Dom Carlo. Um empreendimento como Itaipava nunca viu, com caracter\u00edsticas diferenciadas tanto na qualidade de vida quanto na oportunidade de investimento em um momento [&hellip;]<\/p>\n","protected":false},"author":1,"featured_media":0,"parent":0,"menu_order":0,"comment_status":"closed","ping_status":"closed","template":"elementor_canvas","meta":{"footnotes":""},"class_list":["post-193","page","type-page","status-publish","hentry"],"_links":{"self":[{"href":"https:\/\/mquattroincorporadora.com.br\/domcarlo\/wp-json\/wp\/v2\/pages\/193","targetHints":{"allow":["GET"]}}],"collection":[{"href":"https:\/\/mquattroincorporadora.com.br\/domcarlo\/wp-json\/wp\/v2\/pages"}],"about":[{"href":"https:\/\/mquattroincorporadora.com.br\/domcarlo\/wp-json\/wp\/v2\/types\/page"}],"author":[{"embeddable":true,"href":"https:\/\/mquattroincorporadora.com.br\/domcarlo\/wp-json\/wp\/v2\/users\/1"}],"replies":[{"embeddable":true,"href":"https:\/\/mquattroincorporadora.com.br\/domcarlo\/wp-json\/wp\/v2\/comments?post=193"}],"version-history":[{"count":218,"href":"https:\/\/mquattroincorporadora.com.br\/domcarlo\/wp-json\/wp\/v2\/pages\/193\/revisions"}],"predecessor-version":[{"id":534,"href":"https:\/\/mquattroincorporadora.com.br\/domcarlo\/wp-json\/wp\/v2\/pages\/193\/revisions\/534"}],"wp:attachment":[{"href":"https:\/\/mquattroincorporadora.com.br\/domcarlo\/wp-json\/wp\/v2\/media?parent=193"}],"curies":[{"name":"wp","href":"https:\/\/api.w.org\/{rel}","templated":true}]}}